{"id":431,"date":"2023-07-27T15:45:20","date_gmt":"2023-07-27T12:45:20","guid":{"rendered":"https:\/\/4iklimmuhendislik.com\/?page_id=431"},"modified":"2023-07-27T15:58:45","modified_gmt":"2023-07-27T12:58:45","slug":"pera","status":"publish","type":"page","link":"https:\/\/4iklimmuhendislik.com\/index.php\/pera\/","title":{"rendered":"PERA"},"content":{"rendered":"\t\t<div data-elementor-type=\"wp-page\" data-elementor-id=\"431\" class=\"elementor elementor-431\">\n\t\t\t\t\t\t<section class=\"elementor-section elementor-top-section elementor-element elementor-element-ddccbcf elementor-section-boxed elementor-section-height-default elementor-section-height-default\" data-id=\"ddccbcf\" data-element_type=\"section\">\n\t\t\t\t\t\t<div class=\"elementor-container elementor-column-gap-default\">\n\t\t\t\t\t<div class=\"elementor-column elementor-col-50 elementor-top-column elementor-element elementor-element-8e863b1\" data-id=\"8e863b1\" data-element_type=\"column\">\n\t\t\t<div class=\"elementor-widget-wrap elementor-element-populated\">\n\t\t\t\t\t\t<div class=\"elementor-element elementor-element-882c89b elementor-widget elementor-widget-image\" data-id=\"882c89b\" data-element_type=\"widget\" data-widget_type=\"image.default\">\n\t\t\t\t<div class=\"elementor-widget-container\">\n\t\t\t\t\t\t\t\t\t\t\t\t\t\t\t<img fetchpriority=\"high\" decoding=\"async\" width=\"2048\" height=\"1365\" src=\"https:\/\/4iklimmuhendislik.com\/wp-content\/uploads\/2023\/07\/8J8A1937-2048x1365.jpg\" class=\"attachment-2048x2048 size-2048x2048 wp-image-421\" alt=\"\" srcset=\"https:\/\/4iklimmuhendislik.com\/wp-content\/uploads\/2023\/07\/8J8A1937-2048x1365.jpg 2048w, https:\/\/4iklimmuhendislik.com\/wp-content\/uploads\/2023\/07\/8J8A1937-300x200.jpg 300w, https:\/\/4iklimmuhendislik.com\/wp-content\/uploads\/2023\/07\/8J8A1937-1024x683.jpg 1024w, https:\/\/4iklimmuhendislik.com\/wp-content\/uploads\/2023\/07\/8J8A1937-768x512.jpg 768w, https:\/\/4iklimmuhendislik.com\/wp-content\/uploads\/2023\/07\/8J8A1937-1536x1024.jpg 1536w\" sizes=\"(max-width: 2048px) 100vw, 2048px\" \/>\t\t\t\t\t\t\t\t\t\t\t\t\t\t\t<\/div>\n\t\t\t\t<\/div>\n\t\t\t\t\t<\/div>\n\t\t<\/div>\n\t\t\t\t<div class=\"elementor-column elementor-col-50 elementor-top-column elementor-element elementor-element-e0ec28e\" data-id=\"e0ec28e\" data-element_type=\"column\">\n\t\t\t<div class=\"elementor-widget-wrap elementor-element-populated\">\n\t\t\t\t\t\t<div class=\"elementor-element elementor-element-7ef1c8b elementor-widget elementor-widget-image\" data-id=\"7ef1c8b\" data-element_type=\"widget\" data-widget_type=\"image.default\">\n\t\t\t\t<div class=\"elementor-widget-container\">\n\t\t\t\t\t\t\t\t\t\t\t\t\t\t\t<img decoding=\"async\" width=\"2048\" height=\"1365\" src=\"https:\/\/4iklimmuhendislik.com\/wp-content\/uploads\/2023\/07\/8J8A1799-2048x1365.jpg\" class=\"attachment-2048x2048 size-2048x2048 wp-image-418\" alt=\"\" srcset=\"https:\/\/4iklimmuhendislik.com\/wp-content\/uploads\/2023\/07\/8J8A1799-2048x1365.jpg 2048w, https:\/\/4iklimmuhendislik.com\/wp-content\/uploads\/2023\/07\/8J8A1799-300x200.jpg 300w, https:\/\/4iklimmuhendislik.com\/wp-content\/uploads\/2023\/07\/8J8A1799-1024x683.jpg 1024w, https:\/\/4iklimmuhendislik.com\/wp-content\/uploads\/2023\/07\/8J8A1799-768x512.jpg 768w, https:\/\/4iklimmuhendislik.com\/wp-content\/uploads\/2023\/07\/8J8A1799-1536x1024.jpg 1536w\" sizes=\"(max-width: 2048px) 100vw, 2048px\" \/>\t\t\t\t\t\t\t\t\t\t\t\t\t\t\t<\/div>\n\t\t\t\t<\/div>\n\t\t\t\t\t<\/div>\n\t\t<\/div>\n\t\t\t\t\t<\/div>\n\t\t<\/section>\n\t\t\t\t<section class=\"elementor-section elementor-top-section elementor-element elementor-element-de31920 elementor-section-boxed elementor-section-height-default elementor-section-height-default\" data-id=\"de31920\" data-element_type=\"section\">\n\t\t\t\t\t\t<div class=\"elementor-container elementor-column-gap-default\">\n\t\t\t\t\t<div class=\"elementor-column elementor-col-50 elementor-top-column elementor-element elementor-element-d003108\" data-id=\"d003108\" data-element_type=\"column\">\n\t\t\t<div class=\"elementor-widget-wrap elementor-element-populated\">\n\t\t\t\t\t\t<div class=\"elementor-element elementor-element-887a9e7 elementor-widget elementor-widget-image\" data-id=\"887a9e7\" data-element_type=\"widget\" data-widget_type=\"image.default\">\n\t\t\t\t<div class=\"elementor-widget-container\">\n\t\t\t\t\t\t\t\t\t\t\t\t\t\t\t<img decoding=\"async\" width=\"2048\" height=\"1365\" src=\"https:\/\/4iklimmuhendislik.com\/wp-content\/uploads\/2023\/07\/8J8A1928-2048x1365.jpg\" class=\"attachment-2048x2048 size-2048x2048 wp-image-420\" alt=\"\" srcset=\"https:\/\/4iklimmuhendislik.com\/wp-content\/uploads\/2023\/07\/8J8A1928-2048x1365.jpg 2048w, https:\/\/4iklimmuhendislik.com\/wp-content\/uploads\/2023\/07\/8J8A1928-300x200.jpg 300w, https:\/\/4iklimmuhendislik.com\/wp-content\/uploads\/2023\/07\/8J8A1928-1024x683.jpg 1024w, https:\/\/4iklimmuhendislik.com\/wp-content\/uploads\/2023\/07\/8J8A1928-768x512.jpg 768w, https:\/\/4iklimmuhendislik.com\/wp-content\/uploads\/2023\/07\/8J8A1928-1536x1024.jpg 1536w\" sizes=\"(max-width: 2048px) 100vw, 2048px\" \/>\t\t\t\t\t\t\t\t\t\t\t\t\t\t\t<\/div>\n\t\t\t\t<\/div>\n\t\t\t\t\t<\/div>\n\t\t<\/div>\n\t\t\t\t<div class=\"elementor-column elementor-col-50 elementor-top-column elementor-element elementor-element-e1b3717\" data-id=\"e1b3717\" data-element_type=\"column\">\n\t\t\t<div class=\"elementor-widget-wrap elementor-element-populated\">\n\t\t\t\t\t\t<div class=\"elementor-element elementor-element-a5b962b elementor-widget elementor-widget-image\" data-id=\"a5b962b\" data-element_type=\"widget\" data-widget_type=\"image.default\">\n\t\t\t\t<div class=\"elementor-widget-container\">\n\t\t\t\t\t\t\t\t\t\t\t\t\t\t\t<img loading=\"lazy\" decoding=\"async\" width=\"2048\" height=\"1365\" src=\"https:\/\/4iklimmuhendislik.com\/wp-content\/uploads\/2023\/07\/8J8A1804-2048x1365.jpg\" class=\"attachment-2048x2048 size-2048x2048 wp-image-419\" alt=\"\" srcset=\"https:\/\/4iklimmuhendislik.com\/wp-content\/uploads\/2023\/07\/8J8A1804-2048x1365.jpg 2048w, https:\/\/4iklimmuhendislik.com\/wp-content\/uploads\/2023\/07\/8J8A1804-300x200.jpg 300w, https:\/\/4iklimmuhendislik.com\/wp-content\/uploads\/2023\/07\/8J8A1804-1024x683.jpg 1024w, https:\/\/4iklimmuhendislik.com\/wp-content\/uploads\/2023\/07\/8J8A1804-768x512.jpg 768w, https:\/\/4iklimmuhendislik.com\/wp-content\/uploads\/2023\/07\/8J8A1804-1536x1024.jpg 1536w\" sizes=\"(max-width: 2048px) 100vw, 2048px\" \/>\t\t\t\t\t\t\t\t\t\t\t\t\t\t\t<\/div>\n\t\t\t\t<\/div>\n\t\t\t\t\t<\/div>\n\t\t<\/div>\n\t\t\t\t\t<\/div>\n\t\t<\/section>\n\t\t\t\t<section class=\"elementor-section elementor-top-section elementor-element elementor-element-f8225f7 elementor-section-boxed elementor-section-height-default elementor-section-height-default\" data-id=\"f8225f7\" data-element_type=\"section\">\n\t\t\t\t\t\t<div class=\"elementor-container elementor-column-gap-default\">\n\t\t\t\t\t<div class=\"elementor-column elementor-col-50 elementor-top-column elementor-element elementor-element-ac586fe\" data-id=\"ac586fe\" data-element_type=\"column\">\n\t\t\t<div class=\"elementor-widget-wrap elementor-element-populated\">\n\t\t\t\t\t\t<div class=\"elementor-element elementor-element-1b21982 elementor-widget elementor-widget-image\" data-id=\"1b21982\" data-element_type=\"widget\" data-widget_type=\"image.default\">\n\t\t\t\t<div class=\"elementor-widget-container\">\n\t\t\t\t\t\t\t\t\t\t\t\t\t\t\t<img loading=\"lazy\" decoding=\"async\" width=\"2048\" height=\"1365\" src=\"https:\/\/4iklimmuhendislik.com\/wp-content\/uploads\/2023\/07\/8J8A1785-2048x1365.jpg\" class=\"attachment-2048x2048 size-2048x2048 wp-image-417\" alt=\"\" srcset=\"https:\/\/4iklimmuhendislik.com\/wp-content\/uploads\/2023\/07\/8J8A1785-2048x1365.jpg 2048w, https:\/\/4iklimmuhendislik.com\/wp-content\/uploads\/2023\/07\/8J8A1785-300x200.jpg 300w, https:\/\/4iklimmuhendislik.com\/wp-content\/uploads\/2023\/07\/8J8A1785-1024x683.jpg 1024w, https:\/\/4iklimmuhendislik.com\/wp-content\/uploads\/2023\/07\/8J8A1785-768x512.jpg 768w, https:\/\/4iklimmuhendislik.com\/wp-content\/uploads\/2023\/07\/8J8A1785-1536x1024.jpg 1536w\" sizes=\"(max-width: 2048px) 100vw, 2048px\" \/>\t\t\t\t\t\t\t\t\t\t\t\t\t\t\t<\/div>\n\t\t\t\t<\/div>\n\t\t\t\t\t<\/div>\n\t\t<\/div>\n\t\t\t\t<div class=\"elementor-column elementor-col-50 elementor-top-column elementor-element elementor-element-fa266e4\" data-id=\"fa266e4\" data-element_type=\"column\">\n\t\t\t<div class=\"elementor-widget-wrap elementor-element-populated\">\n\t\t\t\t\t\t<div class=\"elementor-element elementor-element-1fb5ec9 elementor-widget elementor-widget-image\" data-id=\"1fb5ec9\" data-element_type=\"widget\" data-widget_type=\"image.default\">\n\t\t\t\t<div class=\"elementor-widget-container\">\n\t\t\t\t\t\t\t\t\t\t\t\t\t\t\t<img loading=\"lazy\" decoding=\"async\" width=\"2048\" height=\"1365\" src=\"https:\/\/4iklimmuhendislik.com\/wp-content\/uploads\/2023\/07\/8J8A1898-2048x1365.jpg\" class=\"attachment-2048x2048 size-2048x2048 wp-image-422\" alt=\"\" srcset=\"https:\/\/4iklimmuhendislik.com\/wp-content\/uploads\/2023\/07\/8J8A1898-2048x1365.jpg 2048w, https:\/\/4iklimmuhendislik.com\/wp-content\/uploads\/2023\/07\/8J8A1898-300x200.jpg 300w, https:\/\/4iklimmuhendislik.com\/wp-content\/uploads\/2023\/07\/8J8A1898-1024x683.jpg 1024w, https:\/\/4iklimmuhendislik.com\/wp-content\/uploads\/2023\/07\/8J8A1898-768x512.jpg 768w, https:\/\/4iklimmuhendislik.com\/wp-content\/uploads\/2023\/07\/8J8A1898-1536x1024.jpg 1536w\" sizes=\"(max-width: 2048px) 100vw, 2048px\" \/>\t\t\t\t\t\t\t\t\t\t\t\t\t\t\t<\/div>\n\t\t\t\t<\/div>\n\t\t\t\t\t<\/div>\n\t\t<\/div>\n\t\t\t\t\t<\/div>\n\t\t<\/section>\n\t\t\t\t<section class=\"elementor-section elementor-top-section elementor-element elementor-element-a785bbc elementor-section-boxed elementor-section-height-default elementor-section-height-default\" data-id=\"a785bbc\" data-element_type=\"section\">\n\t\t\t\t\t\t<div class=\"elementor-container elementor-column-gap-default\">\n\t\t\t\t\t<div class=\"elementor-column elementor-col-100 elementor-top-column elementor-element elementor-element-7a8fb6f\" data-id=\"7a8fb6f\" data-element_type=\"column\">\n\t\t\t<div class=\"elementor-widget-wrap elementor-element-populated\">\n\t\t\t\t\t\t<div class=\"elementor-element elementor-element-392a0ea elementor-widget elementor-widget-text-editor\" data-id=\"392a0ea\" data-element_type=\"widget\" data-widget_type=\"text-editor.default\">\n\t\t\t\t<div class=\"elementor-widget-container\">\n\t\t\t\t\t\t\t\t\t<div><p>\u00a0<\/p><h2><span style=\"color: var( --e-global-color-text ); font-family: var( --e-global-typography-text-font-family ), Sans-serif; font-weight: var( --e-global-typography-text-font-weight ); font-size: 1rem;\">Yap\u0131lan VRF \u0130\u015fleri<\/span><\/h2><p>HITACHI VRF \u0130\u00c7 \u00dcN\u0130TELER: 41 ADET<br \/>HITACHI VRF DI\u015e \u00dcN\u0130TE KAP. : 400 Kw<br \/>HAVALANDIRMA: 1.000 M\u00b2<\/p><\/div>\t\t\t\t\t\t\t\t<\/div>\n\t\t\t\t<\/div>\n\t\t\t\t\t<\/div>\n\t\t<\/div>\n\t\t\t\t\t<\/div>\n\t\t<\/section>\n\t\t\t\t<\/div>\n\t\t","protected":false},"excerpt":{"rendered":"<p>\u00a0 Yap\u0131lan VRF \u0130\u015fleri HITACHI VRF \u0130\u00c7 \u00dcN\u0130TELER: 41 ADETHITACHI VRF DI\u015e \u00dcN\u0130TE KAP. : 400 KwHAVALANDIRMA: 1.000 M\u00b2<\/p>\n","protected":false},"author":1,"featured_media":0,"parent":0,"menu_order":0,"comment_status":"closed","ping_status":"closed","template":"","meta":{"footnotes":""},"class_list":["post-431","page","type-page","status-publish","hentry"],"_links":{"self":[{"href":"https:\/\/4iklimmuhendislik.com\/index.php\/wp-json\/wp\/v2\/pages\/431","targetHints":{"allow":["GET"]}}],"collection":[{"href":"https:\/\/4iklimmuhendislik.com\/index.php\/wp-json\/wp\/v2\/pages"}],"about":[{"href":"https:\/\/4iklimmuhendislik.com\/index.php\/wp-json\/wp\/v2\/types\/page"}],"author":[{"embeddable":true,"href":"https:\/\/4iklimmuhendislik.com\/index.php\/wp-json\/wp\/v2\/users\/1"}],"replies":[{"embeddable":true,"href":"https:\/\/4iklimmuhendislik.com\/index.php\/wp-json\/wp\/v2\/comments?post=431"}],"version-history":[{"count":10,"href":"https:\/\/4iklimmuhendislik.com\/index.php\/wp-json\/wp\/v2\/pages\/431\/revisions"}],"predecessor-version":[{"id":447,"href":"https:\/\/4iklimmuhendislik.com\/index.php\/wp-json\/wp\/v2\/pages\/431\/revisions\/447"}],"wp:attachment":[{"href":"https:\/\/4iklimmuhendislik.com\/index.php\/wp-json\/wp\/v2\/media?parent=431"}],"curies":[{"name":"wp","href":"https:\/\/api.w.org\/{rel}","templated":true}]}}