{"id":153,"date":"2023-05-25T10:50:45","date_gmt":"2023-05-25T07:50:45","guid":{"rendered":"http:\/\/4iklimmuhendislik.com\/?page_id=153"},"modified":"2023-05-25T10:59:54","modified_gmt":"2023-05-25T07:59:54","slug":"degerler","status":"publish","type":"page","link":"https:\/\/4iklimmuhendislik.com\/index.php\/degerler\/","title":{"rendered":"DE\u011eERLER"},"content":{"rendered":"\n<p class=\"has-text-align-left\"><strong><mark style=\"background-color:rgba(0, 0, 0, 0)\" class=\"has-inline-color has-vivid-red-color\">M\u00fc\u015fteri odakl\u0131l\u0131<\/mark><\/strong>:M\u00fc\u015fterilerimize en kaliteli hizmeti sunmak i\u00e7in \u00e7aba g\u00f6steriyoruz.<\/p>\n\n\n\n<p><strong><mark style=\"background-color:rgba(0, 0, 0, 0)\" class=\"has-inline-color has-vivid-red-color\">Yenilik\u00e7ilik:<\/mark><\/strong> Sekt\u00f6rdeki en son teknolojileri takip ederek, m\u00fc\u015fterilerimize en yenilik\u00e7i \u00e7\u00f6z\u00fcmleri sunuyoruz.<\/p>\n\n\n\n<p>Kalite: \u00dcr\u00fcnlerimizin kalitesinden ve g\u00fcvenilirli\u011finden taviz vermiyoruz.<\/p>\n\n\n\n<p><strong><mark style=\"background-color:rgba(0, 0, 0, 0)\" class=\"has-inline-color has-vivid-red-color\">S\u00fcrd\u00fcr\u00fclebilirlik:<\/mark><\/strong> \u00c7evre dostu, enerji tasarruflu ve s\u00fcrd\u00fcr\u00fclebilir \u00fcr\u00fcnler ve \u00e7\u00f6z\u00fcmler sunarak, do\u011fal kaynaklar\u0131 korumak i\u00e7in \u00e7aba g\u00f6steriyoruz.<\/p>\n\n\n\n<p><mark style=\"background-color:rgba(0, 0, 0, 0)\" class=\"has-inline-color has-vivid-red-color\"><strong>Tak\u0131m \u00e7al\u0131\u015fmas\u0131:<\/strong><\/mark> \u00c7al\u0131\u015fanlar\u0131m\u0131z aras\u0131nda i\u015f birli\u011fi, sayg\u0131 ve dayan\u0131\u015fma k\u00fclt\u00fcr\u00fc olu\u015fturarak, i\u015fimizin ba\u015far\u0131s\u0131 i\u00e7in birlikte \u00e7al\u0131\u015f\u0131yoruz.<\/p>\n\n\n\n<p><mark style=\"background-color:rgba(0, 0, 0, 0)\" class=\"has-inline-color has-vivid-red-color\"><strong>Etik de\u011ferler:<\/strong><\/mark> \u0130\u015fimizi d\u00fcr\u00fcstl\u00fck, sayg\u0131 ve adalet gibi etik de\u011ferlere ba\u011fl\u0131 olarak y\u00fcr\u00fct\u00fcyoruz.<\/p>\n\n\n\n<p><mark style=\"background-color:rgba(0, 0, 0, 0)\" class=\"has-inline-color has-vivid-red-color\"><strong>S\u00fcrekli geli\u015fim:<\/strong><\/mark> Kendimizi ve \u00fcr\u00fcnlerimizi s\u00fcrekli geli\u015ftirerek, m\u00fc\u015fterilerimize en iyi hizmeti sunuyoruz.<\/p>\n\n\n\n<p><strong><mark style=\"background-color:rgba(0, 0, 0, 0)\" class=\"has-inline-color has-vivid-red-color\">\u0130\u015f sa\u011fl\u0131\u011f\u0131 ve g\u00fcvenli\u011fi:<\/mark><\/strong> \u0130\u015fimizi yaparken \u00e7al\u0131\u015fanlar\u0131m\u0131z\u0131n ve m\u00fc\u015fterilerimizin sa\u011fl\u0131\u011f\u0131 ve g\u00fcvenli\u011fi i\u00e7in gerekli t\u00fcm \u00f6nlemleri al\u0131yoruz.<\/p>\n","protected":false},"excerpt":{"rendered":"<p>M\u00fc\u015fteri odakl\u0131l\u0131:M\u00fc\u015fterilerimize en kaliteli hizmeti sunmak i\u00e7in \u00e7aba g\u00f6steriyoruz. Yenilik\u00e7ilik: Sekt\u00f6rdeki en son teknolojileri takip ederek, m\u00fc\u015fterilerimize en yenilik\u00e7i \u00e7\u00f6z\u00fcmleri sunuyoruz. Kalite: \u00dcr\u00fcnlerimizin kalitesinden ve g\u00fcvenilirli\u011finden taviz vermiyoruz. S\u00fcrd\u00fcr\u00fclebilirlik: \u00c7evre dostu, enerji tasarruflu ve s\u00fcrd\u00fcr\u00fclebilir \u00fcr\u00fcnler ve \u00e7\u00f6z\u00fcmler sunarak, do\u011fal kaynaklar\u0131 korumak i\u00e7in \u00e7aba g\u00f6steriyoruz. Tak\u0131m \u00e7al\u0131\u015fmas\u0131: \u00c7al\u0131\u015fanlar\u0131m\u0131z aras\u0131nda i\u015f birli\u011fi, sayg\u0131 ve dayan\u0131\u015fma k\u00fclt\u00fcr\u00fc [&hellip;]<\/p>\n","protected":false},"author":1,"featured_media":0,"parent":0,"menu_order":0,"comment_status":"closed","ping_status":"closed","template":"","meta":{"footnotes":""},"class_list":["post-153","page","type-page","status-publish","hentry"],"_links":{"self":[{"href":"https:\/\/4iklimmuhendislik.com\/index.php\/wp-json\/wp\/v2\/pages\/153","targetHints":{"allow":["GET"]}}],"collection":[{"href":"https:\/\/4iklimmuhendislik.com\/index.php\/wp-json\/wp\/v2\/pages"}],"about":[{"href":"https:\/\/4iklimmuhendislik.com\/index.php\/wp-json\/wp\/v2\/types\/page"}],"author":[{"embeddable":true,"href":"https:\/\/4iklimmuhendislik.com\/index.php\/wp-json\/wp\/v2\/users\/1"}],"replies":[{"embeddable":true,"href":"https:\/\/4iklimmuhendislik.com\/index.php\/wp-json\/wp\/v2\/comments?post=153"}],"version-history":[{"count":4,"href":"https:\/\/4iklimmuhendislik.com\/index.php\/wp-json\/wp\/v2\/pages\/153\/revisions"}],"predecessor-version":[{"id":158,"href":"https:\/\/4iklimmuhendislik.com\/index.php\/wp-json\/wp\/v2\/pages\/153\/revisions\/158"}],"wp:attachment":[{"href":"https:\/\/4iklimmuhendislik.com\/index.php\/wp-json\/wp\/v2\/media?parent=153"}],"curies":[{"name":"wp","href":"https:\/\/api.w.org\/{rel}","templated":true}]}}