{"id":1391,"date":"2024-08-16T11:31:41","date_gmt":"2024-08-16T08:31:41","guid":{"rendered":"https:\/\/4iklimmuhendislik.com\/?page_id=1391"},"modified":"2024-08-19T16:29:16","modified_gmt":"2024-08-19T13:29:16","slug":"is-basvuru","status":"publish","type":"page","link":"https:\/\/4iklimmuhendislik.com\/index.php\/is-basvuru\/","title":{"rendered":""},"content":{"rendered":"\t\t<div data-elementor-type=\"wp-page\" data-elementor-id=\"1391\" class=\"elementor elementor-1391\">\n\t\t\t\t\t\t<section class=\"elementor-section elementor-top-section elementor-element elementor-element-a5479b8 elementor-section-boxed elementor-section-height-default elementor-section-height-default\" data-id=\"a5479b8\" data-element_type=\"section\">\n\t\t\t\t\t\t<div class=\"elementor-container elementor-column-gap-default\">\n\t\t\t\t\t<div class=\"elementor-column elementor-col-50 elementor-top-column elementor-element elementor-element-1f7bfff\" data-id=\"1f7bfff\" data-element_type=\"column\">\n\t\t\t<div class=\"elementor-widget-wrap elementor-element-populated\">\n\t\t\t\t\t\t<div class=\"elementor-element elementor-element-953b04b elementor-widget elementor-widget-heading\" data-id=\"953b04b\" data-element_type=\"widget\" data-widget_type=\"heading.default\">\n\t\t\t\t<div class=\"elementor-widget-container\">\n\t\t\t\t\t<h6 class=\"elementor-heading-title elementor-size-default\">\n<div class=\"wpcf7 no-js\" id=\"wpcf7-f1413-o1\" lang=\"tr-TR\" dir=\"ltr\" data-wpcf7-id=\"1413\">\n<div class=\"screen-reader-response\"><p role=\"status\" aria-live=\"polite\" aria-atomic=\"true\"><\/p> <ul><\/ul><\/div>\n<form action=\"\/index.php\/wp-json\/wp\/v2\/pages\/1391#wpcf7-f1413-o1\" method=\"post\" class=\"wpcf7-form init\" aria-label=\"\u0130leti\u015fim Formu\" enctype=\"multipart\/form-data\" novalidate=\"novalidate\" data-status=\"init\">\n<fieldset class=\"hidden-fields-container\"><input type=\"hidden\" name=\"_wpcf7\" value=\"1413\" \/><input type=\"hidden\" name=\"_wpcf7_version\" value=\"6.1\" \/><input type=\"hidden\" name=\"_wpcf7_locale\" value=\"tr_TR\" \/><input type=\"hidden\" name=\"_wpcf7_unit_tag\" value=\"wpcf7-f1413-o1\" \/><input type=\"hidden\" name=\"_wpcf7_container_post\" value=\"0\" \/><input type=\"hidden\" name=\"_wpcf7_posted_data_hash\" value=\"\" \/>\n<\/fieldset>\n<p><label> Ad\u0131n\u0131z<br \/>\n<span class=\"wpcf7-form-control-wrap\" data-name=\"your-name\"><input size=\"40\" maxlength=\"400\" class=\"wpcf7-form-control wpcf7-text wpcf7-validates-as-required\" autocomplete=\"name\" aria-required=\"true\" aria-invalid=\"false\" value=\"\" type=\"text\" name=\"your-name\" \/><\/span> <\/label>\n<\/p>\n<p><label> Soyad\u0131n\u0131z<br \/>\n<span class=\"wpcf7-form-control-wrap\" data-name=\"your-surname\"><input size=\"40\" maxlength=\"400\" class=\"wpcf7-form-control wpcf7-text wpcf7-validates-as-required\" autocomplete=\"surname\" aria-required=\"true\" aria-invalid=\"false\" value=\"\" type=\"text\" name=\"your-surname\" \/><\/span> <\/label>\n<\/p>\n<p><label> E-posta adresiniz<br \/>\n<span class=\"wpcf7-form-control-wrap\" data-name=\"your-email\"><input size=\"40\" maxlength=\"400\" class=\"wpcf7-form-control wpcf7-email wpcf7-validates-as-required wpcf7-text wpcf7-validates-as-email\" autocomplete=\"email\" aria-required=\"true\" aria-invalid=\"false\" value=\"\" type=\"email\" name=\"your-email\" \/><\/span> <\/label>\n<\/p>\n<p><label> Telefon numaran\u0131z<br \/>\n<span class=\"wpcf7-form-control-wrap\" data-name=\"your-phonenumber\"><input class=\"wpcf7-form-control wpcf7-number wpcf7-validates-as-required wpcf7-validates-as-number\" autocomplete=\"phonenumber\" aria-required=\"true\" aria-invalid=\"false\" value=\"\" type=\"number\" name=\"your-phonenumber\" \/><\/span> <\/label>\n<\/p>\n<p><label> Uyruk<br \/>\n<span class=\"wpcf7-form-control-wrap\" data-name=\"your-nationality\"><input size=\"40\" maxlength=\"400\" class=\"wpcf7-form-control wpcf7-text wpcf7-validates-as-required\" autocomplete=\"nationality\" aria-required=\"true\" aria-invalid=\"false\" value=\"\" type=\"text\" name=\"your-nationality\" \/><\/span> <\/label>\n<\/p>\n<p><label> Ya\u015fad\u0131\u011f\u0131n\u0131z \u015eehir<br \/>\n<span class=\"wpcf7-form-control-wrap\" data-name=\"your-thecityyoulivein\"><input size=\"40\" maxlength=\"400\" class=\"wpcf7-form-control wpcf7-text wpcf7-validates-as-required\" autocomplete=\"thecityyoulivein\" aria-required=\"true\" aria-invalid=\"false\" value=\"\" type=\"text\" name=\"your-thecityyoulivein\" \/><\/span> <\/label>\n<\/p>\n<p><label> K.K.T.C Ehliyet S\u0131n\u0131f\u0131<br \/>\n<span class=\"wpcf7-form-control-wrap\" data-name=\"your-Drivinglicense\"><input size=\"40\" maxlength=\"400\" class=\"wpcf7-form-control wpcf7-text wpcf7-validates-as-required\" aria-required=\"true\" aria-invalid=\"false\" value=\"\" type=\"text\" name=\"your-Drivinglicense\" \/><\/span> <\/label>\n<\/p>\n<p><label> Ba\u015fvuru Pozisyonu<br \/>\n<span class=\"wpcf7-form-control-wrap\" data-name=\"your-ApplicationPosition\"><input size=\"40\" maxlength=\"400\" class=\"wpcf7-form-control wpcf7-text wpcf7-validates-as-required\" aria-required=\"true\" aria-invalid=\"false\" value=\"\" type=\"text\" name=\"your-ApplicationPosition\" \/><\/span> <\/label>\n<\/p>\n<p><label> CV'nizi y\u00fckleyin (Please upload your CV) <\/label><br \/>\n<span class=\"wpcf7-form-control-wrap\" data-name=\"file-751\"><input size=\"40\" class=\"wpcf7-form-control wpcf7-file\" accept=\".pdf,.jpg,.png\" aria-invalid=\"false\" type=\"file\" name=\"file-751\" \/><\/span>\n<\/p>\n<p><input class=\"wpcf7-form-control wpcf7-submit has-spinner\" type=\"submit\" value=\"G\u00f6nder\" \/>\n<\/p><div class=\"wpcf7-response-output\" aria-hidden=\"true\"><\/div>\n<\/form>\n<\/div>\n<\/h6>\t\t\t\t<\/div>\n\t\t\t\t<\/div>\n\t\t\t\t\t<\/div>\n\t\t<\/div>\n\t\t\t\t<div class=\"elementor-column elementor-col-50 elementor-top-column elementor-element elementor-element-6802c19\" data-id=\"6802c19\" data-element_type=\"column\">\n\t\t\t<div class=\"elementor-widget-wrap elementor-element-populated\">\n\t\t\t\t\t\t<div class=\"elementor-element elementor-element-c4728ad elementor-widget elementor-widget-image\" data-id=\"c4728ad\" data-element_type=\"widget\" data-widget_type=\"image.default\">\n\t\t\t\t<div class=\"elementor-widget-container\">\n\t\t\t\t\t\t\t\t\t\t\t\t\t\t\t<img fetchpriority=\"high\" decoding=\"async\" width=\"768\" height=\"913\" src=\"https:\/\/4iklimmuhendislik.com\/wp-content\/uploads\/2024\/08\/Adsiz-tasarim-67-768x913.jpg\" class=\"attachment-medium_large size-medium_large wp-image-1510\" alt=\"\" srcset=\"https:\/\/4iklimmuhendislik.com\/wp-content\/uploads\/2024\/08\/Adsiz-tasarim-67-768x913.jpg 768w, https:\/\/4iklimmuhendislik.com\/wp-content\/uploads\/2024\/08\/Adsiz-tasarim-67-252x300.jpg 252w, https:\/\/4iklimmuhendislik.com\/wp-content\/uploads\/2024\/08\/Adsiz-tasarim-67-861x1024.jpg 861w, https:\/\/4iklimmuhendislik.com\/wp-content\/uploads\/2024\/08\/Adsiz-tasarim-67-1292x1536.jpg 1292w, https:\/\/4iklimmuhendislik.com\/wp-content\/uploads\/2024\/08\/Adsiz-tasarim-67-1723x2048.jpg 1723w\" sizes=\"(max-width: 768px) 100vw, 768px\" \/>\t\t\t\t\t\t\t\t\t\t\t\t\t\t\t<\/div>\n\t\t\t\t<\/div>\n\t\t\t\t\t<\/div>\n\t\t<\/div>\n\t\t\t\t\t<\/div>\n\t\t<\/section>\n\t\t\t\t<\/div>\n\t\t","protected":false},"excerpt":{"rendered":"","protected":false},"author":1,"featured_media":0,"parent":0,"menu_order":0,"comment_status":"closed","ping_status":"closed","template":"","meta":{"footnotes":""},"class_list":["post-1391","page","type-page","status-publish","hentry"],"_links":{"self":[{"href":"https:\/\/4iklimmuhendislik.com\/index.php\/wp-json\/wp\/v2\/pages\/1391","targetHints":{"allow":["GET"]}}],"collection":[{"href":"https:\/\/4iklimmuhendislik.com\/index.php\/wp-json\/wp\/v2\/pages"}],"about":[{"href":"https:\/\/4iklimmuhendislik.com\/index.php\/wp-json\/wp\/v2\/types\/page"}],"author":[{"embeddable":true,"href":"https:\/\/4iklimmuhendislik.com\/index.php\/wp-json\/wp\/v2\/users\/1"}],"replies":[{"embeddable":true,"href":"https:\/\/4iklimmuhendislik.com\/index.php\/wp-json\/wp\/v2\/comments?post=1391"}],"version-history":[{"count":107,"href":"https:\/\/4iklimmuhendislik.com\/index.php\/wp-json\/wp\/v2\/pages\/1391\/revisions"}],"predecessor-version":[{"id":1528,"href":"https:\/\/4iklimmuhendislik.com\/index.php\/wp-json\/wp\/v2\/pages\/1391\/revisions\/1528"}],"wp:attachment":[{"href":"https:\/\/4iklimmuhendislik.com\/index.php\/wp-json\/wp\/v2\/media?parent=1391"}],"curies":[{"name":"wp","href":"https:\/\/api.w.org\/{rel}","templated":true}]}}