{"id":12,"date":"2023-05-12T11:07:24","date_gmt":"2023-05-12T08:07:24","guid":{"rendered":"http:\/\/4iklimmuhendislik.com\/?page_id=12"},"modified":"2024-08-07T16:55:12","modified_gmt":"2024-08-07T13:55:12","slug":"hakkimizda","status":"publish","type":"page","link":"https:\/\/4iklimmuhendislik.com\/index.php\/hakkimizda\/","title":{"rendered":""},"content":{"rendered":"\t\t<div data-elementor-type=\"wp-page\" data-elementor-id=\"12\" class=\"elementor elementor-12\">\n\t\t\t\t\t\t<section class=\"elementor-section elementor-top-section elementor-element elementor-element-d2936b7 elementor-section-boxed elementor-section-height-default elementor-section-height-default\" data-id=\"d2936b7\" data-element_type=\"section\">\n\t\t\t\t\t\t<div class=\"elementor-container elementor-column-gap-default\">\n\t\t\t\t\t<div class=\"elementor-column elementor-col-50 elementor-top-column elementor-element elementor-element-cf04531\" data-id=\"cf04531\" data-element_type=\"column\">\n\t\t\t<div class=\"elementor-widget-wrap elementor-element-populated\">\n\t\t\t\t\t\t<div class=\"elementor-element elementor-element-36c1e73 elementor-widget__width-initial elementor-widget elementor-widget-text-editor\" data-id=\"36c1e73\" data-element_type=\"widget\" data-widget_type=\"text-editor.default\">\n\t\t\t\t<div class=\"elementor-widget-container\">\n\t\t\t\t\t\t\t\t\t<h1 style=\"text-align: center;\"><strong>Biz Kimiz ?<\/strong><\/h1>\n<p>\u00a0<\/p>\n<hr \/>\n<h2><strong><span style=\"color: #ff0000;\">Ho\u015f Geldiniz!<\/span><\/strong><\/h2>\n<h4>D\u00f6rt \u0130klim M\u00fchendislik Ltd. kendi alanlar\u0131nda uzmanla\u015fm\u0131\u015f ve adadaki bir\u00e7ok insan taraf\u0131ndan tan\u0131nan sayg\u0131n insanlar\u0131n kurmu\u015f oldu\u011fu d\u00f6rt ortakl\u0131 bir \u015firkettir. Sekt\u00f6rde k\u00f6kl\u00fc in\u015faat firmalar\u0131yla g\u00fc\u00e7l\u00fc i\u015f birliklerimiz her ge\u00e7en g\u00fcn artarak devam etmektedir. Sundu\u011fumuz geni\u015f \u00fcr\u00fcn yelpazesiyle evlerinizin ve i\u015fyerlerinizin t\u00fcm iklimlendirme ihtiyac\u0131n\u0131 kar\u015f\u0131layabilecek \u00e7e\u015fitli kapasitelerde ve \u00e7ok say\u0131da dekoratif \u00fcr\u00fcn se\u00e7eneklerini de stoklar\u0131m\u0131zda her daim bulundurmaya \u00f6zen g\u00f6steriyoruz. Referanslar\u0131m\u0131z sayfas\u0131ndan yapt\u0131\u011f\u0131m\u0131z projelerden baz\u0131lar\u0131n\u0131n g\u00f6rsellerine ula\u015fabildi\u011finiz gibi, \u00dcr\u00fcnlerimiz sayfas\u0131ndan da b\u00fcnyemizde bulunan t\u00fcm markalara ve \u00fcr\u00fcn \u00e7e\u015fitlerine ula\u015fabilirsiniz.<\/h4>\n<h4>Her daim inovatif, kaliteli ve t\u00fcketim tasarruflu\u00a0 \u00fcr\u00fcnler i\u00e7in bizimle ileti\u015fime ge\u00e7in\u2026<\/h4>\t\t\t\t\t\t\t\t<\/div>\n\t\t\t\t<\/div>\n\t\t\t\t\t<\/div>\n\t\t<\/div>\n\t\t\t\t<div class=\"elementor-column elementor-col-50 elementor-top-column elementor-element elementor-element-01634d2\" data-id=\"01634d2\" data-element_type=\"column\">\n\t\t\t<div class=\"elementor-widget-wrap elementor-element-populated\">\n\t\t\t\t\t\t<div class=\"elementor-element elementor-element-794d72a elementor-widget elementor-widget-image\" data-id=\"794d72a\" data-element_type=\"widget\" data-widget_type=\"image.default\">\n\t\t\t\t<div class=\"elementor-widget-container\">\n\t\t\t\t\t\t\t\t\t\t\t\t\t\t\t<img fetchpriority=\"high\" decoding=\"async\" width=\"800\" height=\"571\" src=\"https:\/\/4iklimmuhendislik.com\/wp-content\/uploads\/2023\/12\/3d-rendering-ventilation-system-1024x731.jpg\" class=\"attachment-large size-large wp-image-790\" alt=\"\" srcset=\"https:\/\/4iklimmuhendislik.com\/wp-content\/uploads\/2023\/12\/3d-rendering-ventilation-system-1024x731.jpg 1024w, https:\/\/4iklimmuhendislik.com\/wp-content\/uploads\/2023\/12\/3d-rendering-ventilation-system-300x214.jpg 300w, https:\/\/4iklimmuhendislik.com\/wp-content\/uploads\/2023\/12\/3d-rendering-ventilation-system-768x549.jpg 768w, https:\/\/4iklimmuhendislik.com\/wp-content\/uploads\/2023\/12\/3d-rendering-ventilation-system-1536x1097.jpg 1536w, https:\/\/4iklimmuhendislik.com\/wp-content\/uploads\/2023\/12\/3d-rendering-ventilation-system-2048x1463.jpg 2048w\" sizes=\"(max-width: 800px) 100vw, 800px\" \/>\t\t\t\t\t\t\t\t\t\t\t\t\t\t\t<\/div>\n\t\t\t\t<\/div>\n\t\t\t\t<div class=\"elementor-element elementor-element-ca104f4 elementor-widget elementor-widget-image\" data-id=\"ca104f4\" data-element_type=\"widget\" data-widget_type=\"image.default\">\n\t\t\t\t<div class=\"elementor-widget-container\">\n\t\t\t\t\t\t\t\t\t\t\t\t\t\t\t<img decoding=\"async\" width=\"800\" height=\"571\" src=\"https:\/\/4iklimmuhendislik.com\/wp-content\/uploads\/2023\/12\/3d-rendering-ventilation-system-1-1024x731.jpg\" class=\"attachment-large size-large wp-image-791\" alt=\"\" srcset=\"https:\/\/4iklimmuhendislik.com\/wp-content\/uploads\/2023\/12\/3d-rendering-ventilation-system-1-1024x731.jpg 1024w, https:\/\/4iklimmuhendislik.com\/wp-content\/uploads\/2023\/12\/3d-rendering-ventilation-system-1-300x214.jpg 300w, https:\/\/4iklimmuhendislik.com\/wp-content\/uploads\/2023\/12\/3d-rendering-ventilation-system-1-768x549.jpg 768w, https:\/\/4iklimmuhendislik.com\/wp-content\/uploads\/2023\/12\/3d-rendering-ventilation-system-1-1536x1097.jpg 1536w, https:\/\/4iklimmuhendislik.com\/wp-content\/uploads\/2023\/12\/3d-rendering-ventilation-system-1-2048x1463.jpg 2048w\" sizes=\"(max-width: 800px) 100vw, 800px\" \/>\t\t\t\t\t\t\t\t\t\t\t\t\t\t\t<\/div>\n\t\t\t\t<\/div>\n\t\t\t\t\t<\/div>\n\t\t<\/div>\n\t\t\t\t\t<\/div>\n\t\t<\/section>\n\t\t\t\t<section class=\"elementor-section elementor-top-section elementor-element elementor-element-157e15c6 elementor-section-boxed elementor-section-height-default elementor-section-height-default\" data-id=\"157e15c6\" data-element_type=\"section\">\n\t\t\t\t\t\t<div class=\"elementor-container elementor-column-gap-default\">\n\t\t\t\t\t<div class=\"elementor-column elementor-col-100 elementor-top-column elementor-element elementor-element-729a8a48\" data-id=\"729a8a48\" data-element_type=\"column\">\n\t\t\t<div class=\"elementor-widget-wrap elementor-element-populated\">\n\t\t\t\t\t\t<div class=\"elementor-element elementor-element-54b977db elementor-widget elementor-widget-text-editor\" data-id=\"54b977db\" data-element_type=\"widget\" data-widget_type=\"text-editor.default\">\n\t\t\t\t<div class=\"elementor-widget-container\">\n\t\t\t\t\t\t\t\t\t\n<div class=\"wp-block-columns is-layout-flex wp-container-core-columns-is-layout-9d6595d7 wp-block-columns-is-layout-flex\">\n<div class=\"wp-block-column is-layout-flow wp-block-column-is-layout-flow\" style=\"flex-basis:100%\">\n<div class=\"wp-block-group\"><div class=\"wp-block-group__inner-container is-layout-constrained wp-block-group-is-layout-constrained\"><\/div><\/div>\n<\/div>\n<\/div>\n\n\n\n<figure class=\"wp-block-gallery has-nested-images columns-default is-cropped wp-block-gallery-2 is-layout-flex wp-block-gallery-is-layout-flex\"><\/figure>\n\t\t\t\t\t\t\t\t<\/div>\n\t\t\t\t<\/div>\n\t\t\t\t\t<\/div>\n\t\t<\/div>\n\t\t\t\t\t<\/div>\n\t\t<\/section>\n\t\t\t\t<section class=\"elementor-section elementor-top-section elementor-element elementor-element-678b981 elementor-section-content-middle elementor-section-boxed elementor-section-height-default elementor-section-height-default\" data-id=\"678b981\" data-element_type=\"section\">\n\t\t\t\t\t\t<div class=\"elementor-container elementor-column-gap-default\">\n\t\t\t\t\t<div class=\"elementor-column elementor-col-50 elementor-top-column elementor-element elementor-element-a1b0558\" data-id=\"a1b0558\" data-element_type=\"column\">\n\t\t\t<div class=\"elementor-widget-wrap elementor-element-populated\">\n\t\t\t\t\t\t<div class=\"elementor-element elementor-element-8c67070 elementor-widget elementor-widget-image\" data-id=\"8c67070\" data-element_type=\"widget\" data-widget_type=\"image.default\">\n\t\t\t\t<div class=\"elementor-widget-container\">\n\t\t\t\t\t\t\t\t\t\t\t\t\t\t\t<img decoding=\"async\" width=\"768\" height=\"512\" src=\"https:\/\/4iklimmuhendislik.com\/wp-content\/uploads\/2023\/12\/man-hand-holding-virtual-world-with-internet-connection-metaverse-global-business-marketing-banking-financial-pass-thru-application-technology-concept-768x512.jpg\" class=\"attachment-medium_large size-medium_large wp-image-782\" alt=\"\" srcset=\"https:\/\/4iklimmuhendislik.com\/wp-content\/uploads\/2023\/12\/man-hand-holding-virtual-world-with-internet-connection-metaverse-global-business-marketing-banking-financial-pass-thru-application-technology-concept-768x512.jpg 768w, https:\/\/4iklimmuhendislik.com\/wp-content\/uploads\/2023\/12\/man-hand-holding-virtual-world-with-internet-connection-metaverse-global-business-marketing-banking-financial-pass-thru-application-technology-concept-300x200.jpg 300w, https:\/\/4iklimmuhendislik.com\/wp-content\/uploads\/2023\/12\/man-hand-holding-virtual-world-with-internet-connection-metaverse-global-business-marketing-banking-financial-pass-thru-application-technology-concept-1024x683.jpg 1024w, https:\/\/4iklimmuhendislik.com\/wp-content\/uploads\/2023\/12\/man-hand-holding-virtual-world-with-internet-connection-metaverse-global-business-marketing-banking-financial-pass-thru-application-technology-concept-1536x1024.jpg 1536w, https:\/\/4iklimmuhendislik.com\/wp-content\/uploads\/2023\/12\/man-hand-holding-virtual-world-with-internet-connection-metaverse-global-business-marketing-banking-financial-pass-thru-application-technology-concept-2048x1365.jpg 2048w\" sizes=\"(max-width: 768px) 100vw, 768px\" \/>\t\t\t\t\t\t\t\t\t\t\t\t\t\t\t<\/div>\n\t\t\t\t<\/div>\n\t\t\t\t\t<\/div>\n\t\t<\/div>\n\t\t\t\t<div class=\"elementor-column elementor-col-50 elementor-top-column elementor-element elementor-element-f9f676e\" data-id=\"f9f676e\" data-element_type=\"column\">\n\t\t\t<div class=\"elementor-widget-wrap elementor-element-populated\">\n\t\t\t\t\t\t<div class=\"elementor-element elementor-element-1effb44 elementor-widget__width-initial elementor-widget elementor-widget-text-editor\" data-id=\"1effb44\" data-element_type=\"widget\" data-widget_type=\"text-editor.default\">\n\t\t\t\t<div class=\"elementor-widget-container\">\n\t\t\t\t\t\t\t\t\t<h5 style=\"text-align: center;\"><strong>Vizyon<\/strong><\/h5>\n<p><span style=\"font-size: 12.0pt; line-height: 100%;\">M\u00fc\u015fterilerimizin hayat\u0131n\u0131 daha konforlu, verimli ve sa\u011fl\u0131kl\u0131 hale getirmek i\u00e7in yenilik\u00e7i, kaliteli ve s\u00fcrd\u00fcr\u00fclebilir \u00e7\u00f6z\u00fcmler sunarak sekt\u00f6rde lider olmak.<\/span><\/p>\t\t\t\t\t\t\t\t<\/div>\n\t\t\t\t<\/div>\n\t\t\t\t\t<\/div>\n\t\t<\/div>\n\t\t\t\t\t<\/div>\n\t\t<\/section>\n\t\t\t\t<section class=\"elementor-section elementor-top-section elementor-element elementor-element-f141fd7 elementor-section-content-middle elementor-section-boxed elementor-section-height-default elementor-section-height-default\" data-id=\"f141fd7\" data-element_type=\"section\">\n\t\t\t\t\t\t<div class=\"elementor-container elementor-column-gap-default\">\n\t\t\t\t\t<div class=\"elementor-column elementor-col-50 elementor-top-column elementor-element elementor-element-48c494d\" data-id=\"48c494d\" data-element_type=\"column\">\n\t\t\t<div class=\"elementor-widget-wrap elementor-element-populated\">\n\t\t\t\t\t\t<div class=\"elementor-element elementor-element-1836e33 elementor-widget elementor-widget-text-editor\" data-id=\"1836e33\" data-element_type=\"widget\" data-widget_type=\"text-editor.default\">\n\t\t\t\t<div class=\"elementor-widget-container\">\n\t\t\t\t\t\t\t\t\t<p style=\"text-align: center;\"><b style=\"font-size: 14pt; color: inherit; font-family: inherit;\">Misyon<\/b><\/p>\n<p class=\"MsoNormal\"><span style=\"font-size: 12.0pt; line-height: 107%;\">Yenilik\u00e7i ve s\u00fcrd\u00fcr\u00fclebilir b\u00fcy\u00fcme hedefleri do\u011frultusunda m\u00fc\u015fteri memnuniyetini her zaman en \u00fcst d\u00fczeyde tutup, \u00e7evreye duyarl\u0131 ve kaliteli \u00e7\u00f6z\u00fcmler sunarak m\u00fc\u015fterilerimizin ya\u015fam standard\u0131n\u0131 y\u00fckseltmek ve hayatlar\u0131n\u0131 kolayla\u015ft\u0131rmak.<\/span><\/p>\t\t\t\t\t\t\t\t<\/div>\n\t\t\t\t<\/div>\n\t\t\t\t\t<\/div>\n\t\t<\/div>\n\t\t\t\t<div class=\"elementor-column elementor-col-50 elementor-top-column elementor-element elementor-element-e120db9\" data-id=\"e120db9\" data-element_type=\"column\">\n\t\t\t<div class=\"elementor-widget-wrap elementor-element-populated\">\n\t\t\t\t\t\t<div class=\"elementor-element elementor-element-8747c66 elementor-widget elementor-widget-image\" data-id=\"8747c66\" data-element_type=\"widget\" data-widget_type=\"image.default\">\n\t\t\t\t<div class=\"elementor-widget-container\">\n\t\t\t\t\t\t\t\t\t\t\t\t\t\t\t<img loading=\"lazy\" decoding=\"async\" width=\"768\" height=\"512\" src=\"https:\/\/4iklimmuhendislik.com\/wp-content\/uploads\/2023\/12\/business-strategy-success-target-goals-768x512.jpg\" class=\"attachment-medium_large size-medium_large wp-image-784\" alt=\"\" srcset=\"https:\/\/4iklimmuhendislik.com\/wp-content\/uploads\/2023\/12\/business-strategy-success-target-goals-768x512.jpg 768w, https:\/\/4iklimmuhendislik.com\/wp-content\/uploads\/2023\/12\/business-strategy-success-target-goals-300x200.jpg 300w, https:\/\/4iklimmuhendislik.com\/wp-content\/uploads\/2023\/12\/business-strategy-success-target-goals-1024x683.jpg 1024w, https:\/\/4iklimmuhendislik.com\/wp-content\/uploads\/2023\/12\/business-strategy-success-target-goals-1536x1024.jpg 1536w, https:\/\/4iklimmuhendislik.com\/wp-content\/uploads\/2023\/12\/business-strategy-success-target-goals-2048x1365.jpg 2048w\" sizes=\"(max-width: 768px) 100vw, 768px\" \/>\t\t\t\t\t\t\t\t\t\t\t\t\t\t\t<\/div>\n\t\t\t\t<\/div>\n\t\t\t\t\t<\/div>\n\t\t<\/div>\n\t\t\t\t\t<\/div>\n\t\t<\/section>\n\t\t\t\t<section class=\"elementor-section elementor-top-section elementor-element elementor-element-e361726 elementor-section-boxed elementor-section-height-default elementor-section-height-default\" data-id=\"e361726\" data-element_type=\"section\">\n\t\t\t\t\t\t<div class=\"elementor-container elementor-column-gap-default\">\n\t\t\t\t\t<div class=\"elementor-column elementor-col-50 elementor-top-column elementor-element elementor-element-37f685e\" data-id=\"37f685e\" data-element_type=\"column\">\n\t\t\t<div class=\"elementor-widget-wrap elementor-element-populated\">\n\t\t\t\t\t\t<div class=\"elementor-element elementor-element-7136353 elementor-widget elementor-widget-image\" data-id=\"7136353\" data-element_type=\"widget\" data-widget_type=\"image.default\">\n\t\t\t\t<div class=\"elementor-widget-container\">\n\t\t\t\t\t\t\t\t\t\t\t\t\t\t\t<img decoding=\"async\" src=\"https:\/\/4iklimmuhendislik.com\/wp-content\/uploads\/2023\/12\/little-girl-with-dad-dressed-super-heroes-happy-loving-family-scaled.jpg\" title=\"little girl with dad dressed in super heroes, happy loving family\" alt=\"little girl with dad dressed in super heroes, happy loving family, father and daughter playing outdoors, family values\" loading=\"lazy\" \/>\t\t\t\t\t\t\t\t\t\t\t\t\t\t\t<\/div>\n\t\t\t\t<\/div>\n\t\t\t\t\t<\/div>\n\t\t<\/div>\n\t\t\t\t<div class=\"elementor-column elementor-col-50 elementor-top-column elementor-element elementor-element-c445cce\" data-id=\"c445cce\" data-element_type=\"column\">\n\t\t\t<div class=\"elementor-widget-wrap elementor-element-populated\">\n\t\t\t\t\t\t<div class=\"elementor-element elementor-element-7a38240 elementor-widget elementor-widget-text-editor\" data-id=\"7a38240\" data-element_type=\"widget\" data-widget_type=\"text-editor.default\">\n\t\t\t\t<div class=\"elementor-widget-container\">\n\t\t\t\t\t\t\t\t\t<p class=\"MsoNormal\"><b><span style=\"font-size: 14.0pt; line-height: 107%;\">\u00a0 \u00a0 \u00a0De\u011ferler<\/span><\/b><\/p>\n<ul style=\"margin-top: 0cm;\" type=\"disc\">\n<li class=\"MsoNormal\"><span style=\"font-size: 12.0pt; line-height: 107%;\">M\u00fc\u015fteri odakl\u0131l\u0131k: M\u00fc\u015fterilerimize en kaliteli hizmeti sunmak i\u00e7in \u00e7aba g\u00f6steriyoruz.<\/span><\/li>\n<li class=\"MsoNormal\"><span style=\"font-size: 12.0pt; line-height: 107%;\">Yenilik\u00e7ilik: Sekt\u00f6rdeki en son teknolojileri takip ederek, m\u00fc\u015fterilerimize en yenilik\u00e7i \u00e7\u00f6z\u00fcmleri sunuyoruz.<\/span><\/li>\n<li class=\"MsoNormal\"><span style=\"font-size: 12.0pt; line-height: 107%;\">Kalite: \u00dcr\u00fcnlerimizin kalitesinden ve g\u00fcvenilirli\u011finden taviz vermiyoruz.<\/span><\/li>\n<li class=\"MsoNormal\"><span style=\"font-size: 12.0pt; line-height: 107%;\">S\u00fcrd\u00fcr\u00fclebilirlik: \u00c7evre dostu, enerji tasarruflu ve s\u00fcrd\u00fcr\u00fclebilir \u00fcr\u00fcnler ve \u00e7\u00f6z\u00fcmler sunarak, do\u011fal kaynaklar\u0131 korumak i\u00e7in \u00e7aba g\u00f6steriyoruz.<\/span><\/li>\n<li class=\"MsoNormal\"><span style=\"font-size: 12.0pt; line-height: 107%;\">Tak\u0131m \u00e7al\u0131\u015fmas\u0131: \u00c7al\u0131\u015fanlar\u0131m\u0131z aras\u0131nda i\u015f birli\u011fi, sayg\u0131 ve dayan\u0131\u015fma k\u00fclt\u00fcr\u00fc olu\u015fturarak, i\u015fimizin ba\u015far\u0131s\u0131 i\u00e7in birlikte \u00e7al\u0131\u015f\u0131yoruz.<\/span><\/li>\n<li class=\"MsoNormal\"><span style=\"font-size: 12.0pt; line-height: 107%;\">Etik de\u011ferler: \u0130\u015fimizi d\u00fcr\u00fcstl\u00fck, sayg\u0131 ve adalet gibi etik de\u011ferlere ba\u011fl\u0131 olarak y\u00fcr\u00fct\u00fcyoruz.<\/span><\/li>\n<li class=\"MsoNormal\"><span style=\"font-size: 12.0pt; line-height: 107%;\">S\u00fcrekli geli\u015fim: Kendimizi ve \u00fcr\u00fcnlerimizi s\u00fcrekli geli\u015ftirerek, m\u00fc\u015fterilerimize en iyi hizmeti sunuyoruz.<\/span><\/li>\n<li class=\"MsoNormal\"><span style=\"font-size: 12.0pt; line-height: 107%;\">\u0130\u015f sa\u011fl\u0131\u011f\u0131 ve g\u00fcvenli\u011fi: \u0130\u015fimizi yaparken \u00e7al\u0131\u015fanlar\u0131m\u0131z\u0131n ve m\u00fc\u015fterilerimizin sa\u011fl\u0131\u011f\u0131 ve g\u00fcvenli\u011fi i\u00e7in gerekli t\u00fcm \u00f6nlemleri al\u0131yoruz.<\/span><\/li>\n<li class=\"MsoNormal\"><span style=\"font-size: 12.0pt; line-height: 107%;\">\u0130\u015f birli\u011fi: M\u00fc\u015fterilerimiz, tedarik\u00e7ilerimiz ve i\u015f ortaklar\u0131m\u0131zla g\u00fc\u00e7l\u00fc bir i\u015f birli\u011fi k\u00fclt\u00fcr\u00fc olu\u015fturuyoruz.<\/span><\/li>\n<\/ul>\n<p class=\"MsoNormal\"><span style=\"font-size: 12.0pt; line-height: 107%;\">\u00a0<\/span><\/p>\t\t\t\t\t\t\t\t<\/div>\n\t\t\t\t<\/div>\n\t\t\t\t\t<\/div>\n\t\t<\/div>\n\t\t\t\t\t<\/div>\n\t\t<\/section>\n\t\t\t\t<\/div>\n\t\t","protected":false},"excerpt":{"rendered":"<p>Biz Kimiz ? \u00a0 Ho\u015f Geldiniz! D\u00f6rt \u0130klim M\u00fchendislik Ltd. kendi alanlar\u0131nda uzmanla\u015fm\u0131\u015f ve adadaki bir\u00e7ok insan taraf\u0131ndan tan\u0131nan sayg\u0131n insanlar\u0131n kurmu\u015f oldu\u011fu d\u00f6rt ortakl\u0131 bir \u015firkettir. Sekt\u00f6rde k\u00f6kl\u00fc in\u015faat firmalar\u0131yla g\u00fc\u00e7l\u00fc i\u015f birliklerimiz her ge\u00e7en g\u00fcn artarak devam etmektedir. Sundu\u011fumuz geni\u015f \u00fcr\u00fcn yelpazesiyle evlerinizin ve i\u015fyerlerinizin t\u00fcm iklimlendirme ihtiyac\u0131n\u0131 kar\u015f\u0131layabilecek \u00e7e\u015fitli kapasitelerde ve \u00e7ok [&hellip;]<\/p>\n","protected":false},"author":1,"featured_media":0,"parent":0,"menu_order":0,"comment_status":"closed","ping_status":"closed","template":"","meta":{"footnotes":""},"class_list":["post-12","page","type-page","status-publish","hentry"],"_links":{"self":[{"href":"https:\/\/4iklimmuhendislik.com\/index.php\/wp-json\/wp\/v2\/pages\/12","targetHints":{"allow":["GET"]}}],"collection":[{"href":"https:\/\/4iklimmuhendislik.com\/index.php\/wp-json\/wp\/v2\/pages"}],"about":[{"href":"https:\/\/4iklimmuhendislik.com\/index.php\/wp-json\/wp\/v2\/types\/page"}],"author":[{"embeddable":true,"href":"https:\/\/4iklimmuhendislik.com\/index.php\/wp-json\/wp\/v2\/users\/1"}],"replies":[{"embeddable":true,"href":"https:\/\/4iklimmuhendislik.com\/index.php\/wp-json\/wp\/v2\/comments?post=12"}],"version-history":[{"count":54,"href":"https:\/\/4iklimmuhendislik.com\/index.php\/wp-json\/wp\/v2\/pages\/12\/revisions"}],"predecessor-version":[{"id":1356,"href":"https:\/\/4iklimmuhendislik.com\/index.php\/wp-json\/wp\/v2\/pages\/12\/revisions\/1356"}],"wp:attachment":[{"href":"https:\/\/4iklimmuhendislik.com\/index.php\/wp-json\/wp\/v2\/media?parent=12"}],"curies":[{"name":"wp","href":"https:\/\/api.w.org\/{rel}","templated":true}]}}